{"id":2641,"date":"2017-06-01T08:35:44","date_gmt":"2017-06-01T08:35:44","guid":{"rendered":"https:\/\/www.controvento.ee\/?page_id=2641"},"modified":"2025-05-19T09:34:40","modified_gmt":"2025-05-19T06:34:40","slug":"meista","status":"publish","type":"page","link":"https:\/\/www.controvento.ee\/fi\/meista\/","title":{"rendered":"Meist\u00e4"},"content":{"rendered":"<div class=\"wpb-content-wrapper\"><p>[vc_row][vc_column][vc_empty_space height=&#8221;120&#8243;][\/vc_column][\/vc_row][vc_row css=&#8221;.vc_custom_1498211926649{margin-bottom: 85px !important;}&#8221;][vc_column][vc_row_inner][vc_column_inner width=&#8221;1\/4&#8243;][vc_column_text]<span class=\"underlined\">CONTROVENTO<\/span>[\/vc_column_text][\/vc_column_inner][vc_column_inner width=&#8221;3\/4&#8243;][vc_column_text]<span style=\"font-size: 20px;\">Keskiaikaisen latinalaiskorttelin syd\u00e4mess\u00e4, Katariinankujan (Katariina k\u00e4ik) k\u00e4sity\u00f6mestarien ty\u00f6pajojen v\u00e4liss\u00e4, sijaitsee Tallinnan vanhin italialainen ravintola <em>Controvento<\/em>. <em>Controventon<\/em> ovet ovat olleet kaikille italialaisen keitti\u00f6n yst\u00e4ville avoinna vuodesta 1994 l\u00e4htien. Nelj\u00e4nnesvuosisadan aikana on paljon muuttunut \u2013 muiden ulkomaisia ruokakulttuureita esittelevien paikkojen tapaan Tallinnassa on italialaisia ravintoloita muitakin. Meid\u00e4n perusarvomme ovat kuitenkin pysyneet samoina. Tarjoamme perinteisi\u00e4 italialaisia ruokia, mutta etsimme samalla uusia mahdollisuuksia vieraittemme makuaistien pit\u00e4miseksi valppaina. Pysyv\u00e4 k\u00e4vij\u00e4 tiet\u00e4\u00e4 miksi p\u00f6yt\u00e4 tulee varata viikonlopuksi.<\/span><\/p>\n<p style=\"text-align: center;\"><span style=\"font-size: 20px;\"><br \/>\n<a href=\"https:\/\/letsumai.com\/widget\/controvento\">VARAUS<\/a><\/span><\/p>\n<p>[\/vc_column_text][\/vc_column_inner][\/vc_row_inner][vc_row_inner gap=&#8221;yes&#8221;][vc_column_inner width=&#8221;1\/2&#8243;][vc_single_image image=&#8221;2398&#8243; img_size=&#8221;full&#8221;][\/vc_column_inner][vc_column_inner width=&#8221;1\/2&#8243;][vc_single_image image=&#8221;2403&#8243; img_size=&#8221;full&#8221;][\/vc_column_inner][\/vc_row_inner][\/vc_column][\/vc_row][vc_row css=&#8221;.vc_custom_1498209707370{margin-bottom: 120px !important;}&#8221;][vc_column][vc_column_text]<\/p>\n<p style=\"text-align: center;\"><span class=\"underlined\">SIJAINNISTA JA SYNNYINTARINASTA<\/span><\/p>\n<p><span style=\"font-size: 20px;\"><em>Controvento<\/em> sijaitsee Katariinankujalla vanhan kaupungin historiallisessa latinalaiskorttelissa. Kuja on saanut nimens\u00e4 Katariinan kirkon mukaan, joka rakennettiin 1200-luvulla. Neuvostoaikana Katariinankuja oli suljettu. Nykyisen ravintolan tilat olivat kunnostamattomat ja vaurioituneet, ja niit\u00e4 k\u00e4ytettiin filmimateriaalien varastointiin. Viron uudelleen itsen\u00e4istytty\u00e4 Katariinankuja avattiin kaupungin asukkaille ja Hereditas-s\u00e4\u00e4ti\u00f6n ja kahden innovatiivisen italialaisliikemiehen ja paikallisten yhteisty\u00f6n ansiosta <em>Controvento<\/em> sai alkunsa. <em>Controvento<\/em> oli Tallinnan ensimm\u00e4isi\u00e4 \u201dl\u00e4nsimaisia\u201d ravintoloita ja sen asiakkaina oli my\u00f6s diplomaatteja, poliitikkoja ja kulttuurihenkil\u00f6it\u00e4. Monet heist\u00e4 ovat pysyneet asiakkainamme t\u00e4h\u00e4n p\u00e4iv\u00e4\u00e4n saakka. <\/span>[\/vc_column_text][\/vc_column][\/vc_row][vc_row full_width=&#8221;stretch_row&#8221; overlay_color=&#8221;rgba(0,0,0,0.01)&#8221; css=&#8221;.vc_custom_1498211908274{margin-bottom: 120px !important;}&#8221;][vc_column][vc_row_inner equal_height=&#8221;yes&#8221; gap=&#8221;yes&#8221;][vc_column_inner el_class=&#8221;color-light&#8221; width=&#8221;1\/2&#8243; overlay_color=&#8221;#b28573&#8243; css=&#8221;.vc_custom_1539077481004{padding-top: 60px !important;padding-right: 60px !important;padding-bottom: 60px !important;padding-left: 60px !important;background-image: url(&#8216;http:\/\/marco.puruno.com\/images\/s1.jpg&#8217;?id=) !important;background-position: center !important;background-repeat: no-repeat !important;background-size: cover !important;}&#8221;][vc_column_text]<span class=\"underlined\">MISSIO<\/span><br \/>\n<span style=\"font-size: 20px;\">Haluamme tarjota teille perinteisen Italialaisen keitti\u00f6n, hyv\u00e4n viinin ja ensiluokkaisen palvelun tuomia aitoja tunteita \u2013 el\u00e4m\u00e4n riemua ja hyv\u00e4\u00e4 oloa.<\/span>[\/vc_column_text][\/vc_column_inner][vc_column_inner width=&#8221;1\/2&#8243; css=&#8221;.vc_custom_1539078430906{background-image: url(https:\/\/www.controvento.ee\/wp-content\/uploads\/2018\/10\/puu.jpg?id=2421) !important;background-position: center !important;background-repeat: no-repeat !important;background-size: cover !important;}&#8221;][\/vc_column_inner][\/vc_row_inner][vc_row_inner equal_height=&#8221;yes&#8221; gap=&#8221;yes&#8221;][vc_column_inner width=&#8221;1\/2&#8243; css=&#8221;.vc_custom_1539077998655{background-image: url(https:\/\/www.controvento.ee\/wp-content\/uploads\/2018\/09\/JPA_6269.jpg?id=2299) !important;background-position: center !important;background-repeat: no-repeat !important;background-size: cover !important;}&#8221;][\/vc_column_inner][vc_column_inner width=&#8221;1\/2&#8243; css=&#8221;.vc_custom_1498209566720{padding-top: 60px !important;padding-right: 60px !important;padding-bottom: 60px !important;padding-left: 60px !important;background-color: rgba(12,12,12,0.01) !important;*background-color: rgb(12,12,12) !important;}&#8221;][vc_column_text]<span class=\"underlined\">CONTROVENTON TIIMI<\/span><\/p>\n<p><span style=\"font-size: 20px;\"><em>Controventon<\/em> syntyi usean perheen yrityksen\u00e4. T\u00e4h\u00e4n menness\u00e4 on vanhemman sukupolven oheen ravintolan toimintaa johtamaan tullut nuorempikin polvi. <em>Controventon<\/em> tiimi ei ole vain sen omistajapiiri; siihen kuuluvat kaikki ravintolamme toimintaan ja p\u00e4ivitt\u00e4iseen el\u00e4m\u00e4\u00e4n osallistuvat ihmiset. Me arvostamme yhteenkuuluvuutta ja yhteisty\u00f6t\u00e4, yhteisten ilojen ja huolien jakamista, ja meit\u00e4 yhdist\u00e4\u00e4 rakkaus italialaista keitti\u00f6t\u00e4 ja italialaista kulttuuria kohtaan.<\/span>[\/vc_column_text][\/vc_column_inner][\/vc_row_inner][\/vc_column][\/vc_row][vc_row css=&#8221;.vc_custom_1498209722935{margin-bottom: 120px !important;}&#8221;][vc_column][vc_column_text]<\/p>\n<p style=\"text-align: left;\"><span class=\"underlined\">TE JA ME<\/span><\/p>\n<p style=\"text-align: left;\"><span style=\"font-size: 22px;\">Pelk\u00e4st\u00e4\u00e4n \u201dme\u201d-muodossa <em>Controventoa<\/em> ei olisi olemassa. Me olemme, muutumme ja my\u00f6s kehitymme Teid\u00e4n ansiostanne. Haluamme tarjota Teille iloa ja mieliinpainuvia tunteita perinteisell\u00e4 italialaisella keitti\u00f6ll\u00e4, hyv\u00e4\u00e4 viinill\u00e4 ja esimerkillisell\u00e4 palvelulla.<\/span><\/p>\n<p>[\/vc_column_text][vc_row_inner gap=&#8221;yes&#8221;][vc_column_inner width=&#8221;1\/2&#8243;][vc_single_image image=&#8221;2410&#8243; img_size=&#8221;full&#8221;][\/vc_column_inner][vc_column_inner width=&#8221;1\/2&#8243;][vc_single_image image=&#8221;2415&#8243; img_size=&#8221;full&#8221;][\/vc_column_inner][\/vc_row_inner][vc_row_inner][vc_column_inner][vc_column_text]<\/p>\n<p style=\"text-align: left;\"><span class=\"underlined\">CONTROVENTON AINUTLAATUISUUS<\/span><\/p>\n<p style=\"text-align: left;\"><span style=\"font-size: 22px;\">Perinteisten italialaisten ruokien valmistaminen vaatii ammattitaitoa ja mestarillisuutta. Mutta siihen, ett\u00e4 ravintola (ristorante \u2013 \u201denergiaa palauttava\u201d) el\u00e4isi ja hengitt\u00e4isi, tarvitaan viel\u00e4 jotakin, jota ei voi pukea sanoiksi eik\u00e4 kirjoittaa ruokalistaan. Tuon \u201djonkin\u201d vierailija l\u00f6yt\u00e4\u00e4 ruoastaan ja viinist\u00e4\u00e4n juuri t\u00e4n\u00e4 iltana, juuri t\u00e4ss\u00e4 ymp\u00e4rist\u00f6ss\u00e4 ja tilanteessa. Tuota \u201djotakin\u201d tulee kokea aina uudelleen. Siksi kutsummekin Teid\u00e4t tulemaan uudelleen ja tukemaan meit\u00e4 omassa missiossamme.<\/span><\/p>\n<p style=\"text-align: center;\"><span style=\"font-size: 20px;\"><a href=\"https:\/\/www.controvento.ee\/wp-content\/uploads\/2025\/05\/menuu_kevad25-loplik-1.pdf\">RUOKALISTA<\/a><\/span><\/p>\n<p>[\/vc_column_text][\/vc_column_inner][\/vc_row_inner][\/vc_column][\/vc_row][vc_row][vc_column][\/vc_column][\/vc_row]<\/p>\n<\/div>","protected":false},"excerpt":{"rendered":"<p>&#8230;<\/p>\n","protected":false},"author":1,"featured_media":2363,"parent":0,"menu_order":0,"comment_status":"closed","ping_status":"closed","template":"","meta":{"_acf_changed":false,"footnotes":""},"class_list":["post-2641","page","type-page","status-publish","has-post-thumbnail","hentry"],"acf":[],"yoast_head":"<!-- This site is optimized with the Yoast SEO plugin v27.0 - https:\/\/yoast.com\/product\/yoast-seo-wordpress\/ -->\n<title>Meist\u00e4 - Restoran Controvento<\/title>\n<meta name=\"robots\" content=\"index, follow, max-snippet:-1, max-image-preview:large, max-video-preview:-1\" \/>\n<link rel=\"canonical\" href=\"https:\/\/www.controvento.ee\/fi\/meista\/\" \/>\n<meta property=\"og:locale\" content=\"fi_FI\" \/>\n<meta property=\"og:type\" content=\"article\" \/>\n<meta property=\"og:title\" content=\"Meist\u00e4 - Restoran Controvento\" \/>\n<meta property=\"og:description\" content=\"...\" \/>\n<meta property=\"og:url\" content=\"https:\/\/www.controvento.ee\/fi\/meista\/\" \/>\n<meta property=\"og:site_name\" content=\"Restoran Controvento\" \/>\n<meta property=\"article:publisher\" content=\"https:\/\/www.facebook.com\/RestoranControvento\/\" \/>\n<meta property=\"article:modified_time\" content=\"2025-05-19T06:34:40+00:00\" \/>\n<meta property=\"og:image\" content=\"https:\/\/www.controvento.ee\/wp-content\/uploads\/2018\/09\/meist.jpg\" \/>\n\t<meta property=\"og:image:width\" content=\"1000\" \/>\n\t<meta property=\"og:image:height\" content=\"831\" \/>\n\t<meta property=\"og:image:type\" content=\"image\/jpeg\" \/>\n<meta name=\"twitter:card\" content=\"summary_large_image\" \/>\n<meta name=\"twitter:label1\" content=\"Est. reading time\" \/>\n\t<meta name=\"twitter:data1\" content=\"3 minutes\" \/>\n<script type=\"application\/ld+json\" class=\"yoast-schema-graph\">{\"@context\":\"https:\/\/schema.org\",\"@graph\":[{\"@type\":\"WebPage\",\"@id\":\"https:\/\/www.controvento.ee\/fi\/meista\/\",\"url\":\"https:\/\/www.controvento.ee\/fi\/meista\/\",\"name\":\"Meist\u00e4 - Restoran Controvento\",\"isPartOf\":{\"@id\":\"https:\/\/www.controvento.ee\/#website\"},\"primaryImageOfPage\":{\"@id\":\"https:\/\/www.controvento.ee\/fi\/meista\/#primaryimage\"},\"image\":{\"@id\":\"https:\/\/www.controvento.ee\/fi\/meista\/#primaryimage\"},\"thumbnailUrl\":\"https:\/\/www.controvento.ee\/wp-content\/uploads\/2018\/09\/meist.jpg\",\"datePublished\":\"2017-06-01T08:35:44+00:00\",\"dateModified\":\"2025-05-19T06:34:40+00:00\",\"breadcrumb\":{\"@id\":\"https:\/\/www.controvento.ee\/fi\/meista\/#breadcrumb\"},\"inLanguage\":\"FIN\",\"potentialAction\":[{\"@type\":\"ReadAction\",\"target\":[\"https:\/\/www.controvento.ee\/fi\/meista\/\"]}]},{\"@type\":\"ImageObject\",\"inLanguage\":\"FIN\",\"@id\":\"https:\/\/www.controvento.ee\/fi\/meista\/#primaryimage\",\"url\":\"https:\/\/www.controvento.ee\/wp-content\/uploads\/2018\/09\/meist.jpg\",\"contentUrl\":\"https:\/\/www.controvento.ee\/wp-content\/uploads\/2018\/09\/meist.jpg\",\"width\":1000,\"height\":831},{\"@type\":\"BreadcrumbList\",\"@id\":\"https:\/\/www.controvento.ee\/fi\/meista\/#breadcrumb\",\"itemListElement\":[{\"@type\":\"ListItem\",\"position\":1,\"name\":\"Home\",\"item\":\"https:\/\/www.controvento.ee\/fi\/\"},{\"@type\":\"ListItem\",\"position\":2,\"name\":\"Meist\u00e4\"}]},{\"@type\":\"WebSite\",\"@id\":\"https:\/\/www.controvento.ee\/#website\",\"url\":\"https:\/\/www.controvento.ee\/\",\"name\":\"Restoran Controvento\",\"description\":\"authentic Italian cuisine in Tallinn\",\"publisher\":{\"@id\":\"https:\/\/www.controvento.ee\/#organization\"},\"potentialAction\":[{\"@type\":\"SearchAction\",\"target\":{\"@type\":\"EntryPoint\",\"urlTemplate\":\"https:\/\/www.controvento.ee\/?s={search_term_string}\"},\"query-input\":{\"@type\":\"PropertyValueSpecification\",\"valueRequired\":true,\"valueName\":\"search_term_string\"}}],\"inLanguage\":\"FIN\"},{\"@type\":\"Organization\",\"@id\":\"https:\/\/www.controvento.ee\/#organization\",\"name\":\"Controvento\",\"url\":\"https:\/\/www.controvento.ee\/\",\"logo\":{\"@type\":\"ImageObject\",\"inLanguage\":\"FIN\",\"@id\":\"https:\/\/www.controvento.ee\/#\/schema\/logo\/image\/\",\"url\":\"https:\/\/www.controvento.ee\/wp-content\/uploads\/2018\/08\/logo_veeb_500x500_trnsprnt.png\",\"contentUrl\":\"https:\/\/www.controvento.ee\/wp-content\/uploads\/2018\/08\/logo_veeb_500x500_trnsprnt.png\",\"width\":500,\"height\":500,\"caption\":\"Controvento\"},\"image\":{\"@id\":\"https:\/\/www.controvento.ee\/#\/schema\/logo\/image\/\"},\"sameAs\":[\"https:\/\/www.facebook.com\/RestoranControvento\/\",\"https:\/\/www.instagram.com\/restorancontrovento\/\"]}]}<\/script>\n<!-- \/ Yoast SEO plugin. -->","yoast_head_json":{"title":"Meist\u00e4 - Restoran Controvento","robots":{"index":"index","follow":"follow","max-snippet":"max-snippet:-1","max-image-preview":"max-image-preview:large","max-video-preview":"max-video-preview:-1"},"canonical":"https:\/\/www.controvento.ee\/fi\/meista\/","og_locale":"fi_FI","og_type":"article","og_title":"Meist\u00e4 - Restoran Controvento","og_description":"...","og_url":"https:\/\/www.controvento.ee\/fi\/meista\/","og_site_name":"Restoran Controvento","article_publisher":"https:\/\/www.facebook.com\/RestoranControvento\/","article_modified_time":"2025-05-19T06:34:40+00:00","og_image":[{"width":1000,"height":831,"url":"https:\/\/www.controvento.ee\/wp-content\/uploads\/2018\/09\/meist.jpg","type":"image\/jpeg"}],"twitter_card":"summary_large_image","twitter_misc":{"Est. reading time":"3 minutes"},"schema":{"@context":"https:\/\/schema.org","@graph":[{"@type":"WebPage","@id":"https:\/\/www.controvento.ee\/fi\/meista\/","url":"https:\/\/www.controvento.ee\/fi\/meista\/","name":"Meist\u00e4 - Restoran Controvento","isPartOf":{"@id":"https:\/\/www.controvento.ee\/#website"},"primaryImageOfPage":{"@id":"https:\/\/www.controvento.ee\/fi\/meista\/#primaryimage"},"image":{"@id":"https:\/\/www.controvento.ee\/fi\/meista\/#primaryimage"},"thumbnailUrl":"https:\/\/www.controvento.ee\/wp-content\/uploads\/2018\/09\/meist.jpg","datePublished":"2017-06-01T08:35:44+00:00","dateModified":"2025-05-19T06:34:40+00:00","breadcrumb":{"@id":"https:\/\/www.controvento.ee\/fi\/meista\/#breadcrumb"},"inLanguage":"FIN","potentialAction":[{"@type":"ReadAction","target":["https:\/\/www.controvento.ee\/fi\/meista\/"]}]},{"@type":"ImageObject","inLanguage":"FIN","@id":"https:\/\/www.controvento.ee\/fi\/meista\/#primaryimage","url":"https:\/\/www.controvento.ee\/wp-content\/uploads\/2018\/09\/meist.jpg","contentUrl":"https:\/\/www.controvento.ee\/wp-content\/uploads\/2018\/09\/meist.jpg","width":1000,"height":831},{"@type":"BreadcrumbList","@id":"https:\/\/www.controvento.ee\/fi\/meista\/#breadcrumb","itemListElement":[{"@type":"ListItem","position":1,"name":"Home","item":"https:\/\/www.controvento.ee\/fi\/"},{"@type":"ListItem","position":2,"name":"Meist\u00e4"}]},{"@type":"WebSite","@id":"https:\/\/www.controvento.ee\/#website","url":"https:\/\/www.controvento.ee\/","name":"Restoran Controvento","description":"authentic Italian cuisine in Tallinn","publisher":{"@id":"https:\/\/www.controvento.ee\/#organization"},"potentialAction":[{"@type":"SearchAction","target":{"@type":"EntryPoint","urlTemplate":"https:\/\/www.controvento.ee\/?s={search_term_string}"},"query-input":{"@type":"PropertyValueSpecification","valueRequired":true,"valueName":"search_term_string"}}],"inLanguage":"FIN"},{"@type":"Organization","@id":"https:\/\/www.controvento.ee\/#organization","name":"Controvento","url":"https:\/\/www.controvento.ee\/","logo":{"@type":"ImageObject","inLanguage":"FIN","@id":"https:\/\/www.controvento.ee\/#\/schema\/logo\/image\/","url":"https:\/\/www.controvento.ee\/wp-content\/uploads\/2018\/08\/logo_veeb_500x500_trnsprnt.png","contentUrl":"https:\/\/www.controvento.ee\/wp-content\/uploads\/2018\/08\/logo_veeb_500x500_trnsprnt.png","width":500,"height":500,"caption":"Controvento"},"image":{"@id":"https:\/\/www.controvento.ee\/#\/schema\/logo\/image\/"},"sameAs":["https:\/\/www.facebook.com\/RestoranControvento\/","https:\/\/www.instagram.com\/restorancontrovento\/"]}]}},"_links":{"self":[{"href":"https:\/\/www.controvento.ee\/fi\/wp-json\/wp\/v2\/pages\/2641","targetHints":{"allow":["GET"]}}],"collection":[{"href":"https:\/\/www.controvento.ee\/fi\/wp-json\/wp\/v2\/pages"}],"about":[{"href":"https:\/\/www.controvento.ee\/fi\/wp-json\/wp\/v2\/types\/page"}],"author":[{"embeddable":true,"href":"https:\/\/www.controvento.ee\/fi\/wp-json\/wp\/v2\/users\/1"}],"replies":[{"embeddable":true,"href":"https:\/\/www.controvento.ee\/fi\/wp-json\/wp\/v2\/comments?post=2641"}],"version-history":[{"count":35,"href":"https:\/\/www.controvento.ee\/fi\/wp-json\/wp\/v2\/pages\/2641\/revisions"}],"predecessor-version":[{"id":20144,"href":"https:\/\/www.controvento.ee\/fi\/wp-json\/wp\/v2\/pages\/2641\/revisions\/20144"}],"wp:featuredmedia":[{"embeddable":true,"href":"https:\/\/www.controvento.ee\/fi\/wp-json\/wp\/v2\/media\/2363"}],"wp:attachment":[{"href":"https:\/\/www.controvento.ee\/fi\/wp-json\/wp\/v2\/media?parent=2641"}],"curies":[{"name":"wp","href":"https:\/\/api.w.org\/{rel}","templated":true}]}}