{"id":2679,"date":"2017-06-01T08:35:44","date_gmt":"2017-06-01T08:35:44","guid":{"rendered":"https:\/\/www.controvento.ee\/about\/"},"modified":"2018-11-28T13:09:36","modified_gmt":"2018-11-28T13:09:36","slug":"di-noi","status":"publish","type":"page","link":"https:\/\/www.controvento.ee\/it\/di-noi\/","title":{"rendered":"Di noi"},"content":{"rendered":"<div class=\"wpb-content-wrapper\"><p>[vc_row][vc_column][vc_empty_space height=&#8221;120&#8243;][\/vc_column][\/vc_row][vc_row css=&#8221;.vc_custom_1498211926649{margin-bottom: 85px !important;}&#8221;][vc_column][vc_row_inner][vc_column_inner width=&#8221;1\/4&#8243;][vc_column_text]<span class=\"underlined\">CONTROVENTO<\/span>[\/vc_column_text][\/vc_column_inner][vc_column_inner width=&#8221;3\/4&#8243;][vc_column_text]<span style=\"font-size: 20px;\">Nel cuore del centro storico di Tallinn, tra le botteghe artigiane del vicolo di Santa Caterina, troverai uno dei pi\u00f9 antichi ristoranti della citt\u00e0: <em>Controvento<\/em>. <em>Controvento<\/em> ha aperto le sue porte agli appassionati della cucina italiana gi\u00e0 nel 1994. Molto \u00e8 cambiato da allora e nel centro di Tallinn sono spuntati altri locali, alcuni specializzati in gastronomia italiana e altri che offrono piatti tipici di altre cucine nazionali. Tuttavia, <em>Controvento<\/em> ha saputo mantenere il proprio standard, rimanendo fedele ai suoi principi di base: accontentare i gusti semplici e tradizionali, cercando, allo stesso tempo, delle possibilit\u00e0 nuove per solleticare anche i palati pi\u00f9 raffinati. I nostri clienti abituali sanno perch\u00e9 serve prenotare un tavolo nel week-end. <\/span>[\/vc_column_text][\/vc_column_inner][\/vc_row_inner][vc_row_inner gap=&#8221;yes&#8221;][vc_column_inner width=&#8221;1\/2&#8243;][vc_single_image image=&#8221;2396&#8243; img_size=&#8221;full&#8221;][\/vc_column_inner][vc_column_inner width=&#8221;1\/2&#8243;][vc_single_image image=&#8221;2401&#8243; img_size=&#8221;full&#8221;][\/vc_column_inner][\/vc_row_inner][\/vc_column][\/vc_row][vc_row css=&#8221;.vc_custom_1498209707370{margin-bottom: 120px !important;}&#8221;][vc_column][vc_column_text]<\/p>\n<p style=\"text-align: center;\"><span class=\"underlined\">LUOGO E STORIA<\/span><\/p>\n<p><span style=\"font-size: 20px;\"><em>Controvento<\/em> si trova nel passaggio di Santa Caterina, il cui nome deriva dall\u2019omonima chiesa del monastero domenicano fondato nel Duecento. Durante il periodo sovietico, il vicolo, come molti altri posti del quartiere medievale e di tutta la citt\u00e0, era chiuso al pubblico. L\u2019edificio che oggi ospita il ristorante, fu ridotto a uno stato misero, usato come deposito per bobine cinematografiche. Con l\u2019arrivo dell\u2019indipendenza, il passaggio di Santa Caterina fu riaperto ai cittadini e ai visitatori e cos\u00ec, grazie alla fondazione <em>Hereditas<\/em> e all\u2019iniziativa di due imprenditori italiani in collaborazione con qualche entusiasta locale, \u00e8 nato anche <em>Controvento<\/em>.<\/span>[\/vc_column_text][\/vc_column][\/vc_row][vc_row full_width=&#8221;stretch_row&#8221; overlay_color=&#8221;rgba(0,0,0,0.01)&#8221; css=&#8221;.vc_custom_1498211908274{margin-bottom: 120px !important;}&#8221;][vc_column][vc_row_inner equal_height=&#8221;yes&#8221; gap=&#8221;yes&#8221;][vc_column_inner width=&#8221;1\/2&#8243; css=&#8221;.vc_custom_1539077998655{background-image: url(https:\/\/www.controvento.ee\/wp-content\/uploads\/2018\/09\/JPA_6269.jpg?id=2299) !important;background-position: center !important;background-repeat: no-repeat !important;background-size: cover !important;}&#8221;][\/vc_column_inner][vc_column_inner width=&#8221;1\/2&#8243; css=&#8221;.vc_custom_1498209566720{padding-top: 60px !important;padding-right: 60px !important;padding-bottom: 60px !important;padding-left: 60px !important;background-color: rgba(12,12,12,0.01) !important;*background-color: rgb(12,12,12) !important;}&#8221;][vc_column_text]<span class=\"underlined\">LA FAMIGLIA DI <em>CONTROVENTO<\/em><\/span><\/p>\n<p><span style=\"font-size: 20px;\"><em>Controvento<\/em> \u00e8 nato come un\u2019impresa interfamiliare. Oggi la gestione del ristorante \u00e8 condivisa gi\u00e0 tra due generazioni di proprietari. Ma la famiglia vera e propria di <em>Controvento<\/em> \u00e8 pi\u00f9 grande: unisce tutti quanti sono coinvolti nel lavoro e nella vita quotidiana del locale. Apprezziamo molto lo spirito di solidariet\u00e0 e cooperazione, ci interessiamo dei successi e delle preoccupazioni personali dei nostri colleghi e, la cosa pi\u00f9 importante, amiamo tutti la cultura e la cucina italiana.<\/span>[\/vc_column_text][\/vc_column_inner][\/vc_row_inner][\/vc_column][\/vc_row][vc_row css=&#8221;.vc_custom_1498209722935{margin-bottom: 120px !important;}&#8221;][vc_column][vc_row_inner][vc_column_inner width=&#8221;1\/4&#8243;][vc_column_text]<span class=\"underlined\">VOI E NOI<\/span>[\/vc_column_text][\/vc_column_inner][vc_column_inner width=&#8221;3\/4&#8243;][vc_column_text]<span style=\"font-size: 20px;\">Se fosse solo per \u201cnoi\u201c, <em>Controvento<\/em> cos\u00ec come lo conosciamo non sarebbe possibile. Esistiamo, cambiamo e ci sviluppiamo anche grazie a Voi. Speriamo che le specialit\u00e0 della nostra cucina, accompagnate da vini buoni e da un servizio piacevole, vi offrano memorabili momenti di grande emozione in compagnia di familiari, amici, colleghi.<\/span>[\/vc_column_text][\/vc_column_inner][\/vc_row_inner][vc_row_inner gap=&#8221;yes&#8221;][vc_column_inner width=&#8221;1\/2&#8243;][vc_single_image image=&#8221;2408&#8243; img_size=&#8221;full&#8221;][\/vc_column_inner][vc_column_inner width=&#8221;1\/2&#8243;][vc_single_image image=&#8221;2413&#8243; img_size=&#8221;full&#8221;][\/vc_column_inner][\/vc_row_inner][\/vc_column][\/vc_row][vc_row css=&#8221;.vc_custom_1498209737301{margin-bottom: 120px !important;}&#8221;][vc_column][vc_column_text]<\/p>\n<p style=\"text-align: left;\"><span class=\"underlined\">LA PARTICOLARIT\u00c0 DI <em>CONTROVENTO<\/em><\/span><\/p>\n<p style=\"text-align: left;\"><span style=\"font-size: 22px;\">Si sa che la cucina italiana, soprattutto all\u2019estero, lontano quindi da chi detiene i segreti della tradizione, richiede molta arte e professionalit\u00e0. Ma c\u2019\u00e8 anche qualche cosa in pi\u00f9, difficilissimo se non impossibile da definire, qualche cosa che animi un ristorante e lo mantenga vivo, qualit\u00e0 senza cui non pu\u00f2 essere degno del suo significato: una fonte di forza ed energie. Sono cose che non possono essere scritte nel men\u00f9 ma che i clienti troveranno nell\u2019agevolezza di una serata speciale, di un momento particolare. Vi invitiamo a sperimentare questa particolarit\u00e0 nelle sue varie manifestazioni e a contribuire alla nostra missione.<\/span><\/p>\n<p>[\/vc_column_text][\/vc_column][\/vc_row]<\/p>\n<\/div>","protected":false},"excerpt":{"rendered":"<p>&#8230;<\/p>\n","protected":false},"author":1,"featured_media":2364,"parent":0,"menu_order":0,"comment_status":"closed","ping_status":"closed","template":"","meta":{"_acf_changed":false,"footnotes":""},"class_list":["post-2679","page","type-page","status-publish","has-post-thumbnail","hentry"],"acf":[],"yoast_head":"<!-- This site is optimized with the Yoast SEO plugin v27.0 - https:\/\/yoast.com\/product\/yoast-seo-wordpress\/ -->\n<title>Di noi - Restoran Controvento<\/title>\n<meta name=\"robots\" content=\"index, follow, max-snippet:-1, max-image-preview:large, max-video-preview:-1\" \/>\n<link rel=\"canonical\" href=\"https:\/\/www.controvento.ee\/meist\/\" \/>\n<meta property=\"og:locale\" content=\"it_IT\" \/>\n<meta property=\"og:type\" content=\"article\" \/>\n<meta property=\"og:title\" content=\"Di noi - Restoran Controvento\" \/>\n<meta property=\"og:description\" content=\"...\" \/>\n<meta property=\"og:url\" content=\"https:\/\/www.controvento.ee\/meist\/\" \/>\n<meta property=\"og:site_name\" content=\"Restoran Controvento\" \/>\n<meta property=\"article:publisher\" content=\"https:\/\/www.facebook.com\/RestoranControvento\/\" \/>\n<meta property=\"article:modified_time\" content=\"2018-11-28T13:09:36+00:00\" \/>\n<meta property=\"og:image\" content=\"https:\/\/www.controvento.ee\/wp-content\/uploads\/2018\/09\/meist.jpg\" \/>\n\t<meta property=\"og:image:width\" content=\"1000\" \/>\n\t<meta property=\"og:image:height\" content=\"831\" \/>\n\t<meta property=\"og:image:type\" content=\"image\/jpeg\" \/>\n<meta name=\"twitter:card\" content=\"summary_large_image\" \/>\n<meta name=\"twitter:label1\" content=\"Est. reading time\" \/>\n\t<meta name=\"twitter:data1\" content=\"4 minutes\" \/>\n<script type=\"application\/ld+json\" class=\"yoast-schema-graph\">{\"@context\":\"https:\/\/schema.org\",\"@graph\":[{\"@type\":\"WebPage\",\"@id\":\"https:\/\/www.controvento.ee\/meist\/\",\"url\":\"https:\/\/www.controvento.ee\/meist\/\",\"name\":\"Di noi - Restoran Controvento\",\"isPartOf\":{\"@id\":\"https:\/\/www.controvento.ee\/#website\"},\"primaryImageOfPage\":{\"@id\":\"https:\/\/www.controvento.ee\/meist\/#primaryimage\"},\"image\":{\"@id\":\"https:\/\/www.controvento.ee\/meist\/#primaryimage\"},\"thumbnailUrl\":\"https:\/\/www.controvento.ee\/wp-content\/uploads\/2018\/09\/meist.jpg\",\"datePublished\":\"2017-06-01T08:35:44+00:00\",\"dateModified\":\"2018-11-28T13:09:36+00:00\",\"breadcrumb\":{\"@id\":\"https:\/\/www.controvento.ee\/meist\/#breadcrumb\"},\"inLanguage\":\"ITA\",\"potentialAction\":[{\"@type\":\"ReadAction\",\"target\":[\"https:\/\/www.controvento.ee\/meist\/\"]}]},{\"@type\":\"ImageObject\",\"inLanguage\":\"ITA\",\"@id\":\"https:\/\/www.controvento.ee\/meist\/#primaryimage\",\"url\":\"https:\/\/www.controvento.ee\/wp-content\/uploads\/2018\/09\/meist.jpg\",\"contentUrl\":\"https:\/\/www.controvento.ee\/wp-content\/uploads\/2018\/09\/meist.jpg\",\"width\":1000,\"height\":831},{\"@type\":\"BreadcrumbList\",\"@id\":\"https:\/\/www.controvento.ee\/meist\/#breadcrumb\",\"itemListElement\":[{\"@type\":\"ListItem\",\"position\":1,\"name\":\"Home\",\"item\":\"https:\/\/www.controvento.ee\/it\/\"},{\"@type\":\"ListItem\",\"position\":2,\"name\":\"Di noi\"}]},{\"@type\":\"WebSite\",\"@id\":\"https:\/\/www.controvento.ee\/#website\",\"url\":\"https:\/\/www.controvento.ee\/\",\"name\":\"Restoran Controvento\",\"description\":\"authentic Italian cuisine in Tallinn\",\"publisher\":{\"@id\":\"https:\/\/www.controvento.ee\/#organization\"},\"potentialAction\":[{\"@type\":\"SearchAction\",\"target\":{\"@type\":\"EntryPoint\",\"urlTemplate\":\"https:\/\/www.controvento.ee\/?s={search_term_string}\"},\"query-input\":{\"@type\":\"PropertyValueSpecification\",\"valueRequired\":true,\"valueName\":\"search_term_string\"}}],\"inLanguage\":\"ITA\"},{\"@type\":\"Organization\",\"@id\":\"https:\/\/www.controvento.ee\/#organization\",\"name\":\"Controvento\",\"url\":\"https:\/\/www.controvento.ee\/\",\"logo\":{\"@type\":\"ImageObject\",\"inLanguage\":\"ITA\",\"@id\":\"https:\/\/www.controvento.ee\/#\/schema\/logo\/image\/\",\"url\":\"https:\/\/www.controvento.ee\/wp-content\/uploads\/2018\/08\/logo_veeb_500x500_trnsprnt.png\",\"contentUrl\":\"https:\/\/www.controvento.ee\/wp-content\/uploads\/2018\/08\/logo_veeb_500x500_trnsprnt.png\",\"width\":500,\"height\":500,\"caption\":\"Controvento\"},\"image\":{\"@id\":\"https:\/\/www.controvento.ee\/#\/schema\/logo\/image\/\"},\"sameAs\":[\"https:\/\/www.facebook.com\/RestoranControvento\/\",\"https:\/\/www.instagram.com\/restorancontrovento\/\"]}]}<\/script>\n<!-- \/ Yoast SEO plugin. -->","yoast_head_json":{"title":"Di noi - Restoran Controvento","robots":{"index":"index","follow":"follow","max-snippet":"max-snippet:-1","max-image-preview":"max-image-preview:large","max-video-preview":"max-video-preview:-1"},"canonical":"https:\/\/www.controvento.ee\/meist\/","og_locale":"it_IT","og_type":"article","og_title":"Di noi - Restoran Controvento","og_description":"...","og_url":"https:\/\/www.controvento.ee\/meist\/","og_site_name":"Restoran Controvento","article_publisher":"https:\/\/www.facebook.com\/RestoranControvento\/","article_modified_time":"2018-11-28T13:09:36+00:00","og_image":[{"width":1000,"height":831,"url":"https:\/\/www.controvento.ee\/wp-content\/uploads\/2018\/09\/meist.jpg","type":"image\/jpeg"}],"twitter_card":"summary_large_image","twitter_misc":{"Est. reading time":"4 minutes"},"schema":{"@context":"https:\/\/schema.org","@graph":[{"@type":"WebPage","@id":"https:\/\/www.controvento.ee\/meist\/","url":"https:\/\/www.controvento.ee\/meist\/","name":"Di noi - Restoran Controvento","isPartOf":{"@id":"https:\/\/www.controvento.ee\/#website"},"primaryImageOfPage":{"@id":"https:\/\/www.controvento.ee\/meist\/#primaryimage"},"image":{"@id":"https:\/\/www.controvento.ee\/meist\/#primaryimage"},"thumbnailUrl":"https:\/\/www.controvento.ee\/wp-content\/uploads\/2018\/09\/meist.jpg","datePublished":"2017-06-01T08:35:44+00:00","dateModified":"2018-11-28T13:09:36+00:00","breadcrumb":{"@id":"https:\/\/www.controvento.ee\/meist\/#breadcrumb"},"inLanguage":"ITA","potentialAction":[{"@type":"ReadAction","target":["https:\/\/www.controvento.ee\/meist\/"]}]},{"@type":"ImageObject","inLanguage":"ITA","@id":"https:\/\/www.controvento.ee\/meist\/#primaryimage","url":"https:\/\/www.controvento.ee\/wp-content\/uploads\/2018\/09\/meist.jpg","contentUrl":"https:\/\/www.controvento.ee\/wp-content\/uploads\/2018\/09\/meist.jpg","width":1000,"height":831},{"@type":"BreadcrumbList","@id":"https:\/\/www.controvento.ee\/meist\/#breadcrumb","itemListElement":[{"@type":"ListItem","position":1,"name":"Home","item":"https:\/\/www.controvento.ee\/it\/"},{"@type":"ListItem","position":2,"name":"Di noi"}]},{"@type":"WebSite","@id":"https:\/\/www.controvento.ee\/#website","url":"https:\/\/www.controvento.ee\/","name":"Restoran Controvento","description":"authentic Italian cuisine in Tallinn","publisher":{"@id":"https:\/\/www.controvento.ee\/#organization"},"potentialAction":[{"@type":"SearchAction","target":{"@type":"EntryPoint","urlTemplate":"https:\/\/www.controvento.ee\/?s={search_term_string}"},"query-input":{"@type":"PropertyValueSpecification","valueRequired":true,"valueName":"search_term_string"}}],"inLanguage":"ITA"},{"@type":"Organization","@id":"https:\/\/www.controvento.ee\/#organization","name":"Controvento","url":"https:\/\/www.controvento.ee\/","logo":{"@type":"ImageObject","inLanguage":"ITA","@id":"https:\/\/www.controvento.ee\/#\/schema\/logo\/image\/","url":"https:\/\/www.controvento.ee\/wp-content\/uploads\/2018\/08\/logo_veeb_500x500_trnsprnt.png","contentUrl":"https:\/\/www.controvento.ee\/wp-content\/uploads\/2018\/08\/logo_veeb_500x500_trnsprnt.png","width":500,"height":500,"caption":"Controvento"},"image":{"@id":"https:\/\/www.controvento.ee\/#\/schema\/logo\/image\/"},"sameAs":["https:\/\/www.facebook.com\/RestoranControvento\/","https:\/\/www.instagram.com\/restorancontrovento\/"]}]}},"_links":{"self":[{"href":"https:\/\/www.controvento.ee\/it\/wp-json\/wp\/v2\/pages\/2679","targetHints":{"allow":["GET"]}}],"collection":[{"href":"https:\/\/www.controvento.ee\/it\/wp-json\/wp\/v2\/pages"}],"about":[{"href":"https:\/\/www.controvento.ee\/it\/wp-json\/wp\/v2\/types\/page"}],"author":[{"embeddable":true,"href":"https:\/\/www.controvento.ee\/it\/wp-json\/wp\/v2\/users\/1"}],"replies":[{"embeddable":true,"href":"https:\/\/www.controvento.ee\/it\/wp-json\/wp\/v2\/comments?post=2679"}],"version-history":[{"count":4,"href":"https:\/\/www.controvento.ee\/it\/wp-json\/wp\/v2\/pages\/2679\/revisions"}],"predecessor-version":[{"id":2838,"href":"https:\/\/www.controvento.ee\/it\/wp-json\/wp\/v2\/pages\/2679\/revisions\/2838"}],"wp:featuredmedia":[{"embeddable":true,"href":"https:\/\/www.controvento.ee\/it\/wp-json\/wp\/v2\/media\/2364"}],"wp:attachment":[{"href":"https:\/\/www.controvento.ee\/it\/wp-json\/wp\/v2\/media?parent=2679"}],"curies":[{"name":"wp","href":"https:\/\/api.w.org\/{rel}","templated":true}]}}